{"id":10952,"date":"2025-10-03T09:34:10","date_gmt":"2025-10-03T09:34:10","guid":{"rendered":"https:\/\/evorain.com\/?page_id=10952"},"modified":"2025-10-03T12:14:00","modified_gmt":"2025-10-03T12:14:00","slug":"projekty-dofinansowane","status":"publish","type":"page","link":"https:\/\/evorain.com\/pl\/projekty-dofinansowane\/","title":{"rendered":"Projekty dofinansowane"},"content":{"rendered":"\t\t<div data-elementor-type=\"wp-page\" data-elementor-id=\"10952\" class=\"elementor elementor-10952\">\n\t\t\t\t\t\t<section class=\"elementor-section elementor-top-section elementor-element elementor-element-2d90542f elementor-section-boxed elementor-section-height-default elementor-section-height-default\" data-id=\"2d90542f\" data-element_type=\"section\">\n\t\t\t\t\t\t<div class=\"elementor-container elementor-column-gap-default\">\n\t\t\t\t\t<div class=\"elementor-column elementor-col-100 elementor-top-column elementor-element elementor-element-314ef99d\" data-id=\"314ef99d\" data-element_type=\"column\">\n\t\t\t<div class=\"elementor-widget-wrap elementor-element-populated\">\n\t\t\t\t\t\t<div class=\"elementor-element elementor-element-28e94767 elementor-widget elementor-widget-text-editor\" data-id=\"28e94767\" data-element_type=\"widget\" data-settings=\"{&quot;ekit_we_effect_on&quot;:&quot;none&quot;}\" data-widget_type=\"text-editor.default\">\n\t\t\t\t<div class=\"elementor-widget-container\">\n\t\t\t\t\t\t\t\n<figure class=\"wp-block-image size-large\"><img fetchpriority=\"high\" decoding=\"async\" width=\"1024\" height=\"85\" src=\"https:\/\/evorain.com\/wp-content\/uploads\/2025\/10\/eu_logotyp-1024x85.png\" alt=\"\" class=\"wp-image-10964\" srcset=\"https:\/\/evorain.com\/wp-content\/uploads\/2025\/10\/eu_logotyp-1024x85.png 1024w, https:\/\/evorain.com\/wp-content\/uploads\/2025\/10\/eu_logotyp-600x50.png 600w, https:\/\/evorain.com\/wp-content\/uploads\/2025\/10\/eu_logotyp-768x63.png 768w, https:\/\/evorain.com\/wp-content\/uploads\/2025\/10\/eu_logotyp-1536x127.png 1536w, https:\/\/evorain.com\/wp-content\/uploads\/2025\/10\/eu_logotyp.png 1960w\" sizes=\"(max-width: 1024px) 100vw, 1024px\" \/><\/figure>\n\n\n\n<p><\/p>\n\t\t\t\t\t\t<\/div>\n\t\t\t\t<\/div>\n\t\t\t\t\t<\/div>\n\t\t<\/div>\n\t\t\t\t\t<\/div>\n\t\t<\/section>\n\t\t\t\t<section class=\"elementor-section elementor-top-section elementor-element elementor-element-5ba46cb elementor-section-boxed elementor-section-height-default elementor-section-height-default\" data-id=\"5ba46cb\" data-element_type=\"section\">\n\t\t\t\t\t\t<div class=\"elementor-container elementor-column-gap-default\">\n\t\t\t\t\t<div class=\"elementor-column elementor-col-100 elementor-top-column elementor-element elementor-element-1af1d65\" data-id=\"1af1d65\" data-element_type=\"column\">\n\t\t\t<div class=\"elementor-widget-wrap elementor-element-populated\">\n\t\t\t\t\t\t<div class=\"elementor-element elementor-element-4c2bad8 elementor-widget elementor-widget-text-editor\" data-id=\"4c2bad8\" data-element_type=\"widget\" data-settings=\"{&quot;ekit_we_effect_on&quot;:&quot;none&quot;}\" data-widget_type=\"text-editor.default\">\n\t\t\t\t<div class=\"elementor-widget-container\">\n\t\t\t\t\t\t\t<p><b>Evorain sp. z o.o. realizuje projekt z\u00a0Funduszy Europejskich.<\/b><\/p>\t\t\t\t\t\t<\/div>\n\t\t\t\t<\/div>\n\t\t\t\t\t<\/div>\n\t\t<\/div>\n\t\t\t\t\t<\/div>\n\t\t<\/section>\n\t\t\t\t<section class=\"elementor-section elementor-top-section elementor-element elementor-element-3632000 elementor-section-boxed elementor-section-height-default elementor-section-height-default\" data-id=\"3632000\" data-element_type=\"section\">\n\t\t\t\t\t\t<div class=\"elementor-container elementor-column-gap-default\">\n\t\t\t\t\t<div class=\"elementor-column elementor-col-100 elementor-top-column elementor-element elementor-element-ac038fc\" data-id=\"ac038fc\" data-element_type=\"column\">\n\t\t\t<div class=\"elementor-widget-wrap elementor-element-populated\">\n\t\t\t\t\t\t<section class=\"elementor-section elementor-inner-section elementor-element elementor-element-0ba9662 elementor-section-content-top elementor-section-boxed elementor-section-height-default elementor-section-height-default\" data-id=\"0ba9662\" data-element_type=\"section\">\n\t\t\t\t\t\t<div class=\"elementor-container elementor-column-gap-default\">\n\t\t\t\t\t<div class=\"elementor-column elementor-col-50 elementor-inner-column elementor-element elementor-element-1b83874\" data-id=\"1b83874\" data-element_type=\"column\">\n\t\t\t<div class=\"elementor-widget-wrap elementor-element-populated\">\n\t\t\t\t\t\t<div class=\"elementor-element elementor-element-4508e44 elementor-widget elementor-widget-text-editor\" data-id=\"4508e44\" data-element_type=\"widget\" data-settings=\"{&quot;ekit_we_effect_on&quot;:&quot;none&quot;}\" data-widget_type=\"text-editor.default\">\n\t\t\t\t<div class=\"elementor-widget-container\">\n\t\t\t\t\t\t\t<p><b>Tytu\u0142 projektu:<\/b> <i>&#8222;Opracowanie nowatorskiej metody psychometrycznego\u00a0<span style=\"font-size: 1rem;\">pomiaru potrzeb w oparciu o obrazy z wykorzystaniem\u00a0<\/span><span style=\"font-size: 1rem;\">sztucznej inteligencji<\/span><\/i><span style=\"font-size: 1rem;\"><i>&#8222;.\u00a0<\/i>Numer wniosku o dofinansowanie\u00a0<\/span>FENG.01.01-IP.02-4417\/23<\/p>\n<p><b>Warto\u015b\u0107 projektu:<\/b> 4 866 115.61 z\u0142<\/p>\n<p><b>Koszty kwalifikowane:<\/b> 4 843 115.61 z\u0142<\/p>\n<p><b>Wysoko\u015b\u0107 wk\u0142adu Funduszy Europejskich:<\/b> 3 699 933.17 z\u0142<\/p>\n<p>\u00a0<\/p>\t\t\t\t\t\t<\/div>\n\t\t\t\t<\/div>\n\t\t\t\t\t<\/div>\n\t\t<\/div>\n\t\t\t\t<div class=\"elementor-column elementor-col-50 elementor-inner-column elementor-element elementor-element-9a0f3ce\" data-id=\"9a0f3ce\" data-element_type=\"column\">\n\t\t\t<div class=\"elementor-widget-wrap elementor-element-populated\">\n\t\t\t\t\t\t<div class=\"elementor-element elementor-element-e2990a8 elementor-widget elementor-widget-text-editor\" data-id=\"e2990a8\" data-element_type=\"widget\" data-settings=\"{&quot;ekit_we_effect_on&quot;:&quot;none&quot;}\" data-widget_type=\"text-editor.default\">\n\t\t\t\t<div class=\"elementor-widget-container\">\n\t\t\t\t\t\t\t<p><b>Cel projektu:<\/b>\u00a0<\/p>\n<p>Celem projektu jest stworzenie narz\u0119dzia pozwalaj\u0105cego na modelowanie kariery zawodowej &#8211; dopasowanie potencjalnego kandydata do najlepszego dla niego\u00a0miejsca pracy, a dla pracodawcy znalezienie najbardziej odpowiedniego kandydata\u00a0na jego ofert\u0119. Takie obustronne dopasowanie mo\u017cliwe jest jedynie poprzez poznanie profilu potrzeb wewn\u0119trznych cz\u0142owieka.<\/p>\t\t\t\t\t\t<\/div>\n\t\t\t\t<\/div>\n\t\t\t\t\t<\/div>\n\t\t<\/div>\n\t\t\t\t\t<\/div>\n\t\t<\/section>\n\t\t\t\t\t<\/div>\n\t\t<\/div>\n\t\t\t\t\t<\/div>\n\t\t<\/section>\n\t\t\t\t<\/div>\n\t\t","protected":false},"excerpt":{"rendered":"<p>Evorain sp. z o.o. realizuje projekt z\u00a0Funduszy Europejskich. Tytu\u0142 projektu: &#8222;Opracowanie nowatorskiej metody psychometrycznego\u00a0pomiaru potrzeb w oparciu o obrazy z wykorzystaniem\u00a0sztucznej inteligencji&#8222;.\u00a0Numer wniosku o dofinansowanie\u00a0FENG.01.01-IP.02-4417\/23 Warto\u015b\u0107 projektu: 4 866 115.61 z\u0142 Koszty kwalifikowane: 4 843 115.61 z\u0142 Wysoko\u015b\u0107 wk\u0142adu Funduszy Europejskich: 3 699 933.17 z\u0142 \u00a0 Cel projektu:\u00a0 Celem projektu jest stworzenie narz\u0119dzia pozwalaj\u0105cego na [&hellip;]<\/p>\n","protected":false},"author":2,"featured_media":0,"parent":0,"menu_order":0,"comment_status":"closed","ping_status":"closed","template":"","meta":{"footnotes":""},"class_list":["post-10952","page","type-page","status-publish","hentry"],"_links":{"self":[{"href":"https:\/\/evorain.com\/pl\/wp-json\/wp\/v2\/pages\/10952"}],"collection":[{"href":"https:\/\/evorain.com\/pl\/wp-json\/wp\/v2\/pages"}],"about":[{"href":"https:\/\/evorain.com\/pl\/wp-json\/wp\/v2\/types\/page"}],"author":[{"embeddable":true,"href":"https:\/\/evorain.com\/pl\/wp-json\/wp\/v2\/users\/2"}],"replies":[{"embeddable":true,"href":"https:\/\/evorain.com\/pl\/wp-json\/wp\/v2\/comments?post=10952"}],"version-history":[{"count":11,"href":"https:\/\/evorain.com\/pl\/wp-json\/wp\/v2\/pages\/10952\/revisions"}],"predecessor-version":[{"id":10979,"href":"https:\/\/evorain.com\/pl\/wp-json\/wp\/v2\/pages\/10952\/revisions\/10979"}],"wp:attachment":[{"href":"https:\/\/evorain.com\/pl\/wp-json\/wp\/v2\/media?parent=10952"}],"curies":[{"name":"wp","href":"https:\/\/api.w.org\/{rel}","templated":true}]}}